{"id":5054,"date":"2026-01-28T20:18:58","date_gmt":"2026-01-28T19:18:58","guid":{"rendered":"https:\/\/eol.org.ar\/redeol\/?page_id=5054"},"modified":"2026-01-28T20:32:02","modified_gmt":"2026-01-28T19:32:02","slug":"seminario-anual-2026","status":"publish","type":"page","link":"https:\/\/eol.org.ar\/redeol\/seminarios-anuales\/seminario-anual-2026\/","title":{"rendered":"Seminario Anual 2026"},"content":{"rendered":"<div class=\"fusion-fullwidth fullwidth-box fusion-builder-row-1 fusion-flex-container has-pattern-background has-mask-background nonhundred-percent-fullwidth non-hundred-percent-height-scrolling\" style=\"--awb-border-radius-top-left:0px;--awb-border-radius-top-right:0px;--awb-border-radius-bottom-right:0px;--awb-border-radius-bottom-left:0px;--awb-flex-wrap:wrap;\" ><div class=\"fusion-builder-row fusion-row fusion-flex-align-items-flex-start fusion-flex-content-wrap\" style=\"max-width:1256.6px;margin-left: calc(-3% \/ 2 );margin-right: calc(-3% \/ 2 );\"><div class=\"fusion-layout-column fusion_builder_column fusion-builder-column-0 fusion-flex-column\" style=\"--awb-bg-size:cover;--awb-width-large:40%;--awb-spacing-right-large:3.6375%;--awb-margin-bottom-large:0px;--awb-spacing-left-large:3.6375%;--awb-width-medium:40%;--awb-order-medium:0;--awb-spacing-right-medium:3.6375%;--awb-spacing-left-medium:3.6375%;--awb-width-small:100%;--awb-order-small:0;--awb-spacing-right-small:1.455%;--awb-spacing-left-small:1.455%;\" data-scroll-devices=\"small-visibility,medium-visibility,large-visibility\"><div class=\"fusion-column-wrapper fusion-column-has-shadow fusion-flex-justify-content-flex-start fusion-content-layout-column\"><div class=\"fusion-image-element \" style=\"--awb-liftup-border-radius:10px;--awb-caption-title-font-family:var(--h2_typography-font-family);--awb-caption-title-font-weight:var(--h2_typography-font-weight);--awb-caption-title-font-style:var(--h2_typography-font-style);--awb-caption-title-size:var(--h2_typography-font-size);--awb-caption-title-transform:var(--h2_typography-text-transform);--awb-caption-title-line-height:var(--h2_typography-line-height);--awb-caption-title-letter-spacing:var(--h2_typography-letter-spacing);\"><div class=\"awb-image-frame awb-image-frame-1 imageframe-liftup imageframe-1\"><span class=\" fusion-imageframe imageframe-none imageframe-1\" style=\"border-radius:10px;\"><a href=\"https:\/\/eol.org.ar\/redeol\/wp-content\/uploads\/sites\/2\/2026\/01\/LA-RED-Seminario-Anual-2026.jpg\" class=\"fusion-lightbox\" data-rel=\"iLightbox[6371590c5ef6dff8e22]\" data-title=\"LA RED &#8211; Seminario Anual 2026\" title=\"LA RED &#8211; Seminario Anual 2026\"><img decoding=\"async\" width=\"2000\" height=\"2500\" src=\"https:\/\/eol.org.ar\/redeol\/wp-content\/uploads\/sites\/2\/2026\/01\/LA-RED-Seminario-Anual-2026.jpg\" data-orig-src=\"https:\/\/eol.org.ar\/redeol\/wp-content\/uploads\/sites\/2\/2026\/01\/LA-RED-Seminario-Anual-2026.jpg\" alt class=\"lazyload img-responsive wp-image-5058\" srcset=\"data:image\/svg+xml,%3Csvg%20xmlns%3D%27http%3A%2F%2Fwww.w3.org%2F2000%2Fsvg%27%20width%3D%272000%27%20height%3D%272500%27%20viewBox%3D%270%200%202000%202500%27%3E%3Crect%20width%3D%272000%27%20height%3D%272500%27%20fill-opacity%3D%220%22%2F%3E%3C%2Fsvg%3E\" data-srcset=\"https:\/\/eol.org.ar\/redeol\/wp-content\/uploads\/sites\/2\/2026\/01\/LA-RED-Seminario-Anual-2026-200x250.jpg 200w, https:\/\/eol.org.ar\/redeol\/wp-content\/uploads\/sites\/2\/2026\/01\/LA-RED-Seminario-Anual-2026-400x500.jpg 400w, https:\/\/eol.org.ar\/redeol\/wp-content\/uploads\/sites\/2\/2026\/01\/LA-RED-Seminario-Anual-2026-600x750.jpg 600w, https:\/\/eol.org.ar\/redeol\/wp-content\/uploads\/sites\/2\/2026\/01\/LA-RED-Seminario-Anual-2026-800x1000.jpg 800w, https:\/\/eol.org.ar\/redeol\/wp-content\/uploads\/sites\/2\/2026\/01\/LA-RED-Seminario-Anual-2026-1200x1500.jpg 1200w, https:\/\/eol.org.ar\/redeol\/wp-content\/uploads\/sites\/2\/2026\/01\/LA-RED-Seminario-Anual-2026.jpg 2000w\" data-sizes=\"auto\" data-orig-sizes=\"(max-width: 820px) 100vw, 600px\" \/><\/a><\/span><\/div><\/div><\/div><\/div><div class=\"fusion-layout-column fusion_builder_column fusion-builder-column-1 fusion-flex-column\" style=\"--awb-bg-size:cover;--awb-width-large:60%;--awb-spacing-right-large:2.425%;--awb-margin-bottom-large:0px;--awb-spacing-left-large:2.425%;--awb-width-medium:60%;--awb-order-medium:0;--awb-spacing-right-medium:2.425%;--awb-spacing-left-medium:2.425%;--awb-width-small:100%;--awb-order-small:0;--awb-spacing-right-small:1.455%;--awb-spacing-left-small:1.455%;\" data-scroll-devices=\"small-visibility,medium-visibility,large-visibility\"><div class=\"fusion-column-wrapper fusion-column-has-shadow fusion-flex-justify-content-flex-start fusion-content-layout-column\"><div class=\"fusion-alert alert general alert-info fusion-alert-left awb-alert-native-link-color\" role=\"alert\"><div class=\"fusion-alert-content-wrapper\"><span class=\"alert-icon\"><i class=\"awb-icon-info-circle\" aria-hidden=\"true\"><\/i><\/span><span class=\"fusion-alert-content\"><p><strong>Duraci\u00f3n<\/strong>: anual.<br \/>\n<strong>Frecuencia<\/strong>: mensual. 4\u00ba viernes de 13:30 a 15:00 hs. Acredita 32 horas.<br \/>\n<strong>MODALIDAD PRESENCIAL<\/strong><\/p><\/span><\/div><\/div><div class=\"fusion-separator fusion-full-width-sep\" style=\"align-self: center;margin-left: auto;margin-right: auto;margin-top:10px;margin-bottom:10px;width:100%;\"><\/div><div class=\"fusion-tabs fusion-tabs-1 classic nav-is-justified horizontal-tabs icon-position-left mobile-mode-accordion\" style=\"--awb-title-font-size:18px;--awb-title-text-transform:uppercase;--awb-alignment:start;--awb-inactive-color:var(--awb-color4);--awb-title-text-color:var(--awb-color1);--awb-title-active-text-color:var(--awb-color4);--awb-background-color:var(--awb-color1);--awb-border-color:var(--awb-color3);--awb-active-border-color:var(--awb-color4);--awb-title-font-family:&quot;Open Sans&quot;;--awb-title-font-style:normal;--awb-title-font-weight:700;\"><div class=\"nav\"><ul class=\"nav-tabs nav-justified\" role=\"tablist\"><li class=\"active\" role=\"presentation\"><a class=\"tab-link\" data-toggle=\"tab\" role=\"tab\" aria-controls=\"tab-189545e5ff49db421b6\" aria-selected=\"true\" id=\"fusion-tab-argumento\" href=\"#tab-189545e5ff49db421b6\"><h4 class=\"fusion-tab-heading\">Argumento<\/h4><\/a><\/li><li role=\"presentation\"><a class=\"tab-link\" data-toggle=\"tab\" role=\"tab\" aria-controls=\"tab-f4a687208dcb8dba125\" aria-selected=\"false\" tabindex=\"-1\" id=\"fusion-tab-bibliograf\u00eda\" href=\"#tab-f4a687208dcb8dba125\"><h4 class=\"fusion-tab-heading\">Bibliograf\u00eda<\/h4><\/a><\/li><li role=\"presentation\"><a class=\"tab-link\" data-toggle=\"tab\" role=\"tab\" aria-controls=\"tab-b90d608c75889e54b4b\" aria-selected=\"false\" tabindex=\"-1\" id=\"fusion-tab-equipodetrabajo\" href=\"#tab-b90d608c75889e54b4b\"><h4 class=\"fusion-tab-heading\">Equipo de Trabajo<\/h4><\/a><\/li><\/ul><\/div><div class=\"tab-content\"><div class=\"nav fusion-mobile-tab-nav\"><ul class=\"nav-tabs nav-justified\" role=\"tablist\"><li class=\"active\" role=\"presentation\"><a class=\"tab-link\" data-toggle=\"tab\" role=\"tab\" aria-controls=\"tab-189545e5ff49db421b6\" aria-selected=\"true\" id=\"mobile-fusion-tab-argumento\" href=\"#tab-189545e5ff49db421b6\"><h4 class=\"fusion-tab-heading\">Argumento<\/h4><\/a><\/li><\/ul><\/div><div class=\"tab-pane fade fusion-clearfix in active\" role=\"tabpanel\" tabindex=\"0\" aria-labelledby=\"fusion-tab-argumento\" id=\"tab-189545e5ff49db421b6\">\n<p style=\"text-align: justify;\"><strong>Maniobras e intervenciones en la experiencia psicoanal\u00edtica<\/strong><\/p>\n<p style=\"text-align: justify;\">\u00bfQu\u00e9 hacemos hoy como psicoanalistas en los inicios de nuestra pr\u00e1ctica?<\/p>\n<p style=\"text-align: justify;\">En tiempos de IA y chat GPT4, la casu\u00edstica de la RED de la EOL orientada por la ense\u00f1anza de Lacan y Miller, puede constituirse en un buen laboratorio de investigaci\u00f3n acerca del que hacer del analista contempor\u00e1neo en las entrevistas preliminares.<\/p>\n<p style=\"text-align: justify;\">Este a\u00f1o decidimos detenernos en las intervenciones del analista en los encuentros iniciales. El men\u00fa de las maniobras con las que cuenta un practicante para orientar las entrevistas hacia una entrada \u2013cuando est\u00e1n dadas las condiciones- es vasto: corte, puntuaci\u00f3n, silencio activo, hacer resonar, hacer alusi\u00f3n, etc.<\/p>\n<p style=\"text-align: justify;\">Pensar los comienzos de un an\u00e1lisis con el horizonte del final, pone de relieve al acto y el deseo del analista como engranajes fundamentales de la experiencia. Tal como se\u00f1ala Miller en <em>Las contraindicaciones al m\u00e9todo psicoanal\u00edtico <\/em>\u201ces necesario que el analista haya cultivado su docilidad hasta saber tomar para cualquier sujeto el lugar desde el cual poder actuar y de qu\u00e9 modo\u201d.<a href=\"#_ftn1\" name=\"_ftnref1\">[1]<\/a><\/p>\n<p style=\"text-align: justify;\">Nos interrogamos: \u00bfC\u00f3mo comienzan los an\u00e1lisis hoy? \u00bfQu\u00e9 interpretaciones, intervenciones, maniobras realiza un analista para producir una entrada en an\u00e1lisis? \u00bfC\u00f3mo intervenir en los s\u00edntomas contempor\u00e1neos inaccesibles a la dimensi\u00f3n sem\u00e1ntica? \u00bfQu\u00e9 de la interpretaci\u00f3n en las psicosis?<\/p>\n<p style=\"text-align: justify;\">Trabajaremos las diferentes modalidades de intervenci\u00f3n en la casu\u00edstica de la Red para contestar a algunos de estos interrogantes.<\/p>\n<hr \/>\n<p style=\"text-align: justify;\"><a href=\"#_ftnref1\" name=\"_ftn1\">[1]<\/a> Miller, Las contraindicaciones al tratamiento psicoanal\u00edtico. El Caldero de la Escuela N\u00b0 69. Junio de 1999.<\/p>\n<\/div><div class=\"nav fusion-mobile-tab-nav\"><ul class=\"nav-tabs nav-justified\" role=\"tablist\"><li role=\"presentation\"><a class=\"tab-link\" data-toggle=\"tab\" role=\"tab\" aria-controls=\"tab-f4a687208dcb8dba125\" aria-selected=\"false\" tabindex=\"-1\" id=\"mobile-fusion-tab-bibliograf\u00eda\" href=\"#tab-f4a687208dcb8dba125\"><h4 class=\"fusion-tab-heading\">Bibliograf\u00eda<\/h4><\/a><\/li><\/ul><\/div><div class=\"tab-pane fade fusion-clearfix\" role=\"tabpanel\" tabindex=\"0\" aria-labelledby=\"fusion-tab-bibliograf\u00eda\" id=\"tab-f4a687208dcb8dba125\">\n<ul>\n<li>Lacan, J. Intervenciones sobre la transferencia. Escritos 1. Siglo XXI Ediciones. Mejico. 2009.<\/li>\n<li>Laurent, E. La interpretaci\u00f3n ordinaria. El Caldero de la Escuela. Nueva Serie N\u00b0 14. Nov 2010.<\/li>\n<li>Miller, J. A. Sillet. Paid\u00f3s. 2025.<\/li>\n<li>Miller, J. A. Entonces shh. Uno por uno. Revista Mundial de Psicoan\u00e1lisis. Ediciones Eolia. 1996.<\/li>\n<li>Miller, J. A. La palabra que hiere. Revista Lacaniana de Psicoan\u00e1lisis N\u00b0 25. Nov. 2018.<\/li>\n<\/ul>\n<\/div><div class=\"nav fusion-mobile-tab-nav\"><ul class=\"nav-tabs nav-justified\" role=\"tablist\"><li role=\"presentation\"><a class=\"tab-link\" data-toggle=\"tab\" role=\"tab\" aria-controls=\"tab-b90d608c75889e54b4b\" aria-selected=\"false\" tabindex=\"-1\" id=\"mobile-fusion-tab-equipodetrabajo\" href=\"#tab-b90d608c75889e54b4b\"><h4 class=\"fusion-tab-heading\">Equipo de Trabajo<\/h4><\/a><\/li><\/ul><\/div><div class=\"tab-pane fade fusion-clearfix\" role=\"tabpanel\" tabindex=\"0\" aria-labelledby=\"fusion-tab-equipodetrabajo\" id=\"tab-b90d608c75889e54b4b\">\n<p><strong>Secretar\u00eda ejecutiva<\/strong>:<\/p>\n<ul>\n<li>Guillermo Lopez (vicepresidente)<\/li>\n<li>Roxana Cozza<\/li>\n<li>Marcela Ruda<\/li>\n<li>Jazm\u00edn Torregiani<\/li>\n<\/ul>\n<p><strong>Presidente de la RED<\/strong>:<\/p>\n<ul>\n<li>Irene Kuperwajs<\/li>\n<\/ul>\n<\/div><\/div><\/div><\/div><\/div><\/div><\/div>\n","protected":false},"excerpt":{"rendered":"","protected":false},"author":1,"featured_media":0,"parent":4685,"menu_order":0,"comment_status":"closed","ping_status":"closed","template":"","meta":{"inline_featured_image":false,"_monsterinsights_skip_tracking":false,"_monsterinsights_sitenote_active":false,"_monsterinsights_sitenote_note":"","_monsterinsights_sitenote_category":0,"footnotes":""},"class_list":["post-5054","page","type-page","status-publish","hentry"],"publishpress_future_action":{"enabled":false,"date":"2026-04-14 12:39:14","action":"change-status","newStatus":"draft","terms":[],"taxonomy":"","extraData":[]},"publishpress_future_workflow_manual_trigger":{"enabledWorkflows":[]},"_links":{"self":[{"href":"https:\/\/eol.org.ar\/redeol\/wp-json\/wp\/v2\/pages\/5054","targetHints":{"allow":["GET"]}}],"collection":[{"href":"https:\/\/eol.org.ar\/redeol\/wp-json\/wp\/v2\/pages"}],"about":[{"href":"https:\/\/eol.org.ar\/redeol\/wp-json\/wp\/v2\/types\/page"}],"author":[{"embeddable":true,"href":"https:\/\/eol.org.ar\/redeol\/wp-json\/wp\/v2\/users\/1"}],"replies":[{"embeddable":true,"href":"https:\/\/eol.org.ar\/redeol\/wp-json\/wp\/v2\/comments?post=5054"}],"version-history":[{"count":4,"href":"https:\/\/eol.org.ar\/redeol\/wp-json\/wp\/v2\/pages\/5054\/revisions"}],"predecessor-version":[{"id":5059,"href":"https:\/\/eol.org.ar\/redeol\/wp-json\/wp\/v2\/pages\/5054\/revisions\/5059"}],"up":[{"embeddable":true,"href":"https:\/\/eol.org.ar\/redeol\/wp-json\/wp\/v2\/pages\/4685"}],"wp:attachment":[{"href":"https:\/\/eol.org.ar\/redeol\/wp-json\/wp\/v2\/media?parent=5054"}],"curies":[{"name":"wp","href":"https:\/\/api.w.org\/{rel}","templated":true}]}}