{"id":4805,"date":"2025-06-08T21:30:36","date_gmt":"2025-06-08T19:30:36","guid":{"rendered":"https:\/\/eol.org.ar\/redeol\/?page_id=4805"},"modified":"2025-06-08T21:32:31","modified_gmt":"2025-06-08T19:32:31","slug":"seminario-anual-2009","status":"publish","type":"page","link":"https:\/\/eol.org.ar\/redeol\/seminarios-anuales\/seminario-anual-2009\/","title":{"rendered":"Seminario Anual 2009"},"content":{"rendered":"<div class=\"fusion-fullwidth fullwidth-box fusion-builder-row-1 fusion-flex-container has-pattern-background has-mask-background nonhundred-percent-fullwidth non-hundred-percent-height-scrolling\" style=\"--awb-border-radius-top-left:0px;--awb-border-radius-top-right:0px;--awb-border-radius-bottom-right:0px;--awb-border-radius-bottom-left:0px;--awb-flex-wrap:wrap;\" ><div class=\"fusion-builder-row fusion-row fusion-flex-align-items-flex-start fusion-flex-content-wrap\" style=\"max-width:1256.6px;margin-left: calc(-3% \/ 2 );margin-right: calc(-3% \/ 2 );\"><div class=\"fusion-layout-column fusion_builder_column fusion-builder-column-0 fusion-flex-column\" style=\"--awb-bg-size:cover;--awb-width-large:40%;--awb-spacing-right-large:3.6375%;--awb-margin-bottom-large:0px;--awb-spacing-left-large:3.6375%;--awb-width-medium:40%;--awb-order-medium:0;--awb-spacing-right-medium:3.6375%;--awb-spacing-left-medium:3.6375%;--awb-width-small:100%;--awb-order-small:0;--awb-spacing-right-small:1.455%;--awb-spacing-left-small:1.455%;\" data-scroll-devices=\"small-visibility,medium-visibility,large-visibility\"><div class=\"fusion-column-wrapper fusion-column-has-shadow fusion-flex-justify-content-flex-start fusion-content-layout-column\"><div class=\"fusion-image-element \" style=\"--awb-liftup-border-radius:10px;--awb-caption-title-font-family:var(--h2_typography-font-family);--awb-caption-title-font-weight:var(--h2_typography-font-weight);--awb-caption-title-font-style:var(--h2_typography-font-style);--awb-caption-title-size:var(--h2_typography-font-size);--awb-caption-title-transform:var(--h2_typography-text-transform);--awb-caption-title-line-height:var(--h2_typography-line-height);--awb-caption-title-letter-spacing:var(--h2_typography-letter-spacing);\"><div class=\"awb-image-frame awb-image-frame-1 imageframe-liftup imageframe-1\"><span class=\" fusion-imageframe imageframe-none imageframe-1\" style=\"border-radius:10px;\"><a href=\"https:\/\/eol.org.ar\/redeol\/wp-content\/uploads\/sites\/2\/2025\/06\/LA-RED-Seminario-2009.jpg\" class=\"fusion-lightbox\" data-rel=\"iLightbox[a9d8e718353c0429691]\" data-title=\"LA RED &#8211; Seminario 2009\" title=\"LA RED &#8211; Seminario 2009\"><img decoding=\"async\" width=\"2000\" height=\"2500\" src=\"https:\/\/eol.org.ar\/redeol\/wp-content\/uploads\/sites\/2\/2025\/06\/LA-RED-Seminario-2009.jpg\" data-orig-src=\"https:\/\/eol.org.ar\/redeol\/wp-content\/uploads\/sites\/2\/2025\/06\/LA-RED-Seminario-2009.jpg\" alt class=\"lazyload img-responsive wp-image-4778\" srcset=\"data:image\/svg+xml,%3Csvg%20xmlns%3D%27http%3A%2F%2Fwww.w3.org%2F2000%2Fsvg%27%20width%3D%272000%27%20height%3D%272500%27%20viewBox%3D%270%200%202000%202500%27%3E%3Crect%20width%3D%272000%27%20height%3D%272500%27%20fill-opacity%3D%220%22%2F%3E%3C%2Fsvg%3E\" data-srcset=\"https:\/\/eol.org.ar\/redeol\/wp-content\/uploads\/sites\/2\/2025\/06\/LA-RED-Seminario-2009-200x250.jpg 200w, https:\/\/eol.org.ar\/redeol\/wp-content\/uploads\/sites\/2\/2025\/06\/LA-RED-Seminario-2009-400x500.jpg 400w, https:\/\/eol.org.ar\/redeol\/wp-content\/uploads\/sites\/2\/2025\/06\/LA-RED-Seminario-2009-600x750.jpg 600w, https:\/\/eol.org.ar\/redeol\/wp-content\/uploads\/sites\/2\/2025\/06\/LA-RED-Seminario-2009-800x1000.jpg 800w, https:\/\/eol.org.ar\/redeol\/wp-content\/uploads\/sites\/2\/2025\/06\/LA-RED-Seminario-2009-1200x1500.jpg 1200w, https:\/\/eol.org.ar\/redeol\/wp-content\/uploads\/sites\/2\/2025\/06\/LA-RED-Seminario-2009.jpg 2000w\" data-sizes=\"auto\" data-orig-sizes=\"(max-width: 820px) 100vw, 600px\" \/><\/a><\/span><\/div><\/div><\/div><\/div><div class=\"fusion-layout-column fusion_builder_column fusion-builder-column-1 fusion-flex-column\" style=\"--awb-bg-size:cover;--awb-width-large:60%;--awb-spacing-right-large:2.425%;--awb-margin-bottom-large:0px;--awb-spacing-left-large:2.425%;--awb-width-medium:60%;--awb-order-medium:0;--awb-spacing-right-medium:2.425%;--awb-spacing-left-medium:2.425%;--awb-width-small:100%;--awb-order-small:0;--awb-spacing-right-small:1.455%;--awb-spacing-left-small:1.455%;\" data-scroll-devices=\"small-visibility,medium-visibility,large-visibility\"><div class=\"fusion-column-wrapper fusion-column-has-shadow fusion-flex-justify-content-flex-start fusion-content-layout-column\"><div class=\"fusion-alert alert general alert-info fusion-alert-left awb-alert-native-link-color\" role=\"alert\"><div class=\"fusion-alert-content-wrapper\"><span class=\"alert-icon\"><i class=\"awb-icon-info-circle\" aria-hidden=\"true\"><\/i><\/span><span class=\"fusion-alert-content\"><p style=\"text-align: justify;\">Los invitamos a un a\u00f1o de trabajo y debate de la casu\u00edstica de la Red de la EOL, en el marco del Seminario anual de la misma, bajo el tema: <strong>Inconsciente y Transferencia en la cl\u00ednica actual<\/strong>.<\/p>\n<p style=\"text-align: justify;\">Esperamos se sumen a este esfuerzo de transmisi\u00f3n durante las 16 reuniones que a partir del 1\u00b0 de abril se realizar\u00e1n los primeros y terceros mi\u00e9rcoles de cada mes.<\/p>\n<p><strong>Inicio<\/strong>: Mi\u00e9rcoles 1\u00ba de abril 2009, 13:30 hs<br \/>\n<strong>Duraci\u00f3n<\/strong>: anual<br \/>\n<strong>Frecuencia<\/strong>: quincenal (primeros y terceros mi\u00e9rcoles de cada mes, a las 13:30 hs)<br \/>\n<strong>Destinado<\/strong>: a aquellos interesados en la pr\u00e1ctica del psicoan\u00e1lisis de orientaci\u00f3n lacaniana en un sesgo que incluye lo institucional.<br \/>\n<strong>Sede<\/strong>: Callao 1033. 5to piso.<\/p><\/span><\/div><\/div><div class=\"fusion-separator fusion-full-width-sep\" style=\"align-self: center;margin-left: auto;margin-right: auto;margin-top:10px;margin-bottom:10px;width:100%;\"><\/div><div class=\"fusion-testimonials classic awb-speech-bubble-show fusion-testimonials-1\" style=\"--awb-textcolor:var(--awb-color8);--awb-backgroundcolor:var(--awb-color2);--awb-testimonial-border-style:solid;--awb-testimonial-border-color:var(--awb-color3);--awb-navigation-size:12px;--awb-border-top-left-radius:0px;--awb-border-top-right-radius:0px;--awb-border-bottom-left-radius:0px;--awb-border-bottom-right-radius:0px;--testimonial-border-width-top:0px;--testimonial-border-width-right:0px;--testimonial-border-width-bottom:0px;--testimonial-border-width-left:0px;\" data-random=\"0\" data-speed=\"4000\"><div class=\"reviews\"><div class=\"review active-testimonial alignment-left no-avatar\"><blockquote><div class=\"awb-quote\"><div class=\"awb-quote-content\">\n<p>Un caso no se reduce a exhibir la envoltura formal. Un caso es un caso si testimonia acerca de la incidencia l\u00f3gica de un decir en el dispositivo de la cura y de su orientaci\u00f3n hacia el tratamiento de un problema real, de un problema libidinal, de un problema de goce<\/p>\n<\/div><\/div><span class=\"awb-triangle\"><\/span><\/blockquote><div class=\"author\"><span class=\"company-name\"><strong>\u00c9ric Laurent<\/strong><span>, <\/span><span>Revista Lacaniana N\u00b04<\/span><\/span><\/div><\/div><\/div><\/div><div class=\"fusion-separator fusion-full-width-sep\" style=\"align-self: center;margin-left: auto;margin-right: auto;margin-top:20px;margin-bottom:20px;width:100%;\"><\/div><div class=\"fusion-tabs fusion-tabs-1 classic nav-is-justified horizontal-tabs icon-position-left mobile-mode-accordion\" style=\"--awb-title-font-size:18px;--awb-title-text-transform:uppercase;--awb-alignment:start;--awb-inactive-color:var(--awb-color4);--awb-title-text-color:var(--awb-color1);--awb-title-active-text-color:var(--awb-color4);--awb-background-color:var(--awb-color1);--awb-border-color:var(--awb-color3);--awb-active-border-color:var(--awb-color4);--awb-title-font-family:&quot;Open Sans&quot;;--awb-title-font-style:normal;--awb-title-font-weight:700;\"><div class=\"nav\"><ul class=\"nav-tabs nav-justified\" role=\"tablist\"><li class=\"active\" role=\"presentation\"><a class=\"tab-link\" data-toggle=\"tab\" role=\"tab\" aria-controls=\"tab-f93ecaa3b1ad8a29417\" aria-selected=\"true\" id=\"fusion-tab-programa\" href=\"#tab-f93ecaa3b1ad8a29417\"><h4 class=\"fusion-tab-heading\">Programa<\/h4><\/a><\/li><\/ul><\/div><div class=\"tab-content\"><div class=\"nav fusion-mobile-tab-nav\"><ul class=\"nav-tabs nav-justified\" role=\"tablist\"><li class=\"active\" role=\"presentation\"><a class=\"tab-link\" data-toggle=\"tab\" role=\"tab\" aria-controls=\"tab-f93ecaa3b1ad8a29417\" aria-selected=\"true\" id=\"mobile-fusion-tab-programa\" href=\"#tab-f93ecaa3b1ad8a29417\"><h4 class=\"fusion-tab-heading\">Programa<\/h4><\/a><\/li><\/ul><\/div><div class=\"tab-pane fade fusion-clearfix in active\" role=\"tabpanel\" tabindex=\"0\" aria-labelledby=\"fusion-tab-programa\" id=\"tab-f93ecaa3b1ad8a29417\">\n<p style=\"text-align: justify;\">El programa a desarrollar a lo largo de las 16 reuniones quincenales, abarcar\u00e1 cuatro ejes principales a debatir en la actualidad de la cl\u00ednica:<\/p>\n<ul>\n<li style=\"text-align: justify;\">El concepto de inconsciente en la ense\u00f1anza de Lacan<\/li>\n<li style=\"text-align: justify;\">El lugar del analista y la transferencia<\/li>\n<li style=\"text-align: justify;\">Inconsciente, transferencia e interpretaci\u00f3n<\/li>\n<li style=\"text-align: justify;\">La pragm\u00e1tica lacaniana.<\/li>\n<\/ul>\n<p style=\"text-align: justify;\">Cada unidad contar\u00e1 con un presentador del marco te\u00f3rico de la misma, que preparar\u00e1 el debate posterior sobre una o varias vi\u00f1etas cl\u00ednicas. que abordar\u00e1n la relaci\u00f3n del sujeto con el inconsciente, as\u00ed como la pol\u00edtica del s\u00edntoma actualizada en la estrategia de la transferencia y la t\u00e1ctica de la interpretaci\u00f3n apuntando al encuentro del fuera de sentido.<\/p>\n<\/div><\/div><\/div><div class=\"fusion-separator fusion-full-width-sep\" style=\"align-self: center;margin-left: auto;margin-right: auto;margin-top:10px;margin-bottom:10px;width:100%;\"><\/div><div class=\"fusion-title title fusion-title-1 fusion-sep-none fusion-title-highlight fusion-animate-once fusion-highlight-marker fusion-title-size-four\" style=\"--awb-text-color:var(--awb-color8);--awb-font-size:25px;\" data-highlight=\"marker\"><h4 class=\"fusion-title-heading title-heading-left fusion-responsive-typography-calculated\" style=\"margin:0;font-size:1em;text-transform:none;--fontSize:25;line-height:var(--awb-typography1-line-height);\"><span class=\"fusion-highlighted-text-prefix\"><\/span> <span class=\"fusion-highlighted-text-wrapper\"><span class=\"fusion-highlighted-text\">Responsables<\/span><\/span> <span class=\"fusion-highlighted-text-postfix\"><\/span><\/h4><\/div><ul style=\"--awb-line-height:27.2px;--awb-icon-width:27.2px;--awb-icon-height:27.2px;--awb-icon-margin:11.2px;--awb-content-margin:38.4px;--awb-circlecolor:var(--awb-color4);--awb-circle-yes-font-size:14.08px;\" class=\"fusion-checklist fusion-checklist-1 fusion-checklist-default type-icons\"><li class=\"fusion-li-item\" style=\"\"><span class=\"icon-wrapper circle-yes\"><i class=\"fusion-li-icon fa-user fas\" aria-hidden=\"true\"><\/i><\/span><div class=\"fusion-li-item-content\">\n<p>Oscar Zack &#8211; Presidente<\/p>\n<\/div><\/li><li class=\"fusion-li-item\" style=\"\"><span class=\"icon-wrapper circle-yes\"><i class=\"fusion-li-icon fa-user fas\" aria-hidden=\"true\"><\/i><\/span><div class=\"fusion-li-item-content\">\n<p>Liliana Rossi &#8211; Vicepresidente<\/p>\n<\/div><\/li><li class=\"fusion-li-item\" style=\"\"><span class=\"icon-wrapper circle-yes\"><i class=\"fusion-li-icon fa-user fas\" aria-hidden=\"true\"><\/i><\/span><div class=\"fusion-li-item-content\">\n<p>Graciela Ruiz<\/p>\n<\/div><\/li><li class=\"fusion-li-item\" style=\"\"><span class=\"icon-wrapper circle-yes\"><i class=\"fusion-li-icon awb-icon-check\" aria-hidden=\"true\"><\/i><\/span><div class=\"fusion-li-item-content\">\n<p>Adriana Rubistein<\/p>\n<\/div><\/li><li class=\"fusion-li-item\" style=\"\"><span class=\"icon-wrapper circle-yes\"><i class=\"fusion-li-icon awb-icon-check\" aria-hidden=\"true\"><\/i><\/span><div class=\"fusion-li-item-content\">\n<p>Mar\u00eda Leonor Solimano<\/p>\n<\/div><\/li><\/ul><\/div><\/div><\/div><\/div>\n","protected":false},"excerpt":{"rendered":"","protected":false},"author":1,"featured_media":0,"parent":4685,"menu_order":0,"comment_status":"closed","ping_status":"closed","template":"","meta":{"inline_featured_image":false,"_monsterinsights_skip_tracking":false,"_monsterinsights_sitenote_active":false,"_monsterinsights_sitenote_note":"","_monsterinsights_sitenote_category":0,"footnotes":""},"class_list":["post-4805","page","type-page","status-publish","hentry"],"publishpress_future_action":{"enabled":false,"date":"2026-04-14 11:30:36","action":"change-status","newStatus":"draft","terms":[],"taxonomy":"","extraData":[]},"publishpress_future_workflow_manual_trigger":{"enabledWorkflows":[]},"_links":{"self":[{"href":"https:\/\/eol.org.ar\/redeol\/wp-json\/wp\/v2\/pages\/4805","targetHints":{"allow":["GET"]}}],"collection":[{"href":"https:\/\/eol.org.ar\/redeol\/wp-json\/wp\/v2\/pages"}],"about":[{"href":"https:\/\/eol.org.ar\/redeol\/wp-json\/wp\/v2\/types\/page"}],"author":[{"embeddable":true,"href":"https:\/\/eol.org.ar\/redeol\/wp-json\/wp\/v2\/users\/1"}],"replies":[{"embeddable":true,"href":"https:\/\/eol.org.ar\/redeol\/wp-json\/wp\/v2\/comments?post=4805"}],"version-history":[{"count":3,"href":"https:\/\/eol.org.ar\/redeol\/wp-json\/wp\/v2\/pages\/4805\/revisions"}],"predecessor-version":[{"id":4808,"href":"https:\/\/eol.org.ar\/redeol\/wp-json\/wp\/v2\/pages\/4805\/revisions\/4808"}],"up":[{"embeddable":true,"href":"https:\/\/eol.org.ar\/redeol\/wp-json\/wp\/v2\/pages\/4685"}],"wp:attachment":[{"href":"https:\/\/eol.org.ar\/redeol\/wp-json\/wp\/v2\/media?parent=4805"}],"curies":[{"name":"wp","href":"https:\/\/api.w.org\/{rel}","templated":true}]}}