{"id":4801,"date":"2025-06-08T21:21:39","date_gmt":"2025-06-08T19:21:39","guid":{"rendered":"https:\/\/eol.org.ar\/redeol\/?page_id=4801"},"modified":"2025-06-08T21:23:28","modified_gmt":"2025-06-08T19:23:28","slug":"seminario-anual-2010","status":"publish","type":"page","link":"https:\/\/eol.org.ar\/redeol\/seminarios-anuales\/seminario-anual-2010\/","title":{"rendered":"Seminario Anual 2010"},"content":{"rendered":"<div class=\"fusion-fullwidth fullwidth-box fusion-builder-row-1 fusion-flex-container has-pattern-background has-mask-background nonhundred-percent-fullwidth non-hundred-percent-height-scrolling\" style=\"--awb-border-radius-top-left:0px;--awb-border-radius-top-right:0px;--awb-border-radius-bottom-right:0px;--awb-border-radius-bottom-left:0px;--awb-flex-wrap:wrap;\" ><div class=\"fusion-builder-row fusion-row fusion-flex-align-items-flex-start fusion-flex-content-wrap\" style=\"max-width:1256.6px;margin-left: calc(-3% \/ 2 );margin-right: calc(-3% \/ 2 );\"><div class=\"fusion-layout-column fusion_builder_column fusion-builder-column-0 fusion-flex-column\" style=\"--awb-bg-size:cover;--awb-width-large:40%;--awb-spacing-right-large:3.6375%;--awb-margin-bottom-large:0px;--awb-spacing-left-large:3.6375%;--awb-width-medium:40%;--awb-order-medium:0;--awb-spacing-right-medium:3.6375%;--awb-spacing-left-medium:3.6375%;--awb-width-small:100%;--awb-order-small:0;--awb-spacing-right-small:1.455%;--awb-spacing-left-small:1.455%;\" data-scroll-devices=\"small-visibility,medium-visibility,large-visibility\"><div class=\"fusion-column-wrapper fusion-column-has-shadow fusion-flex-justify-content-flex-start fusion-content-layout-column\"><div class=\"fusion-image-element \" style=\"--awb-liftup-border-radius:10px;--awb-caption-title-font-family:var(--h2_typography-font-family);--awb-caption-title-font-weight:var(--h2_typography-font-weight);--awb-caption-title-font-style:var(--h2_typography-font-style);--awb-caption-title-size:var(--h2_typography-font-size);--awb-caption-title-transform:var(--h2_typography-text-transform);--awb-caption-title-line-height:var(--h2_typography-line-height);--awb-caption-title-letter-spacing:var(--h2_typography-letter-spacing);\"><div class=\"awb-image-frame awb-image-frame-1 imageframe-liftup imageframe-1\"><span class=\" fusion-imageframe imageframe-none imageframe-1\" style=\"border-radius:10px;\"><a href=\"https:\/\/eol.org.ar\/redeol\/wp-content\/uploads\/sites\/2\/2025\/06\/LA-RED-Seminario-2010.jpg\" class=\"fusion-lightbox\" data-rel=\"iLightbox[c4502ed524df8adf0cd]\" data-title=\"LA RED &#8211; Seminario 2010\" title=\"LA RED &#8211; Seminario 2010\"><img decoding=\"async\" width=\"2000\" height=\"2500\" src=\"https:\/\/eol.org.ar\/redeol\/wp-content\/uploads\/sites\/2\/2025\/06\/LA-RED-Seminario-2010.jpg\" data-orig-src=\"https:\/\/eol.org.ar\/redeol\/wp-content\/uploads\/sites\/2\/2025\/06\/LA-RED-Seminario-2010.jpg\" alt class=\"lazyload img-responsive wp-image-4777\" srcset=\"data:image\/svg+xml,%3Csvg%20xmlns%3D%27http%3A%2F%2Fwww.w3.org%2F2000%2Fsvg%27%20width%3D%272000%27%20height%3D%272500%27%20viewBox%3D%270%200%202000%202500%27%3E%3Crect%20width%3D%272000%27%20height%3D%272500%27%20fill-opacity%3D%220%22%2F%3E%3C%2Fsvg%3E\" data-srcset=\"https:\/\/eol.org.ar\/redeol\/wp-content\/uploads\/sites\/2\/2025\/06\/LA-RED-Seminario-2010-200x250.jpg 200w, https:\/\/eol.org.ar\/redeol\/wp-content\/uploads\/sites\/2\/2025\/06\/LA-RED-Seminario-2010-400x500.jpg 400w, https:\/\/eol.org.ar\/redeol\/wp-content\/uploads\/sites\/2\/2025\/06\/LA-RED-Seminario-2010-600x750.jpg 600w, https:\/\/eol.org.ar\/redeol\/wp-content\/uploads\/sites\/2\/2025\/06\/LA-RED-Seminario-2010-800x1000.jpg 800w, https:\/\/eol.org.ar\/redeol\/wp-content\/uploads\/sites\/2\/2025\/06\/LA-RED-Seminario-2010-1200x1500.jpg 1200w, https:\/\/eol.org.ar\/redeol\/wp-content\/uploads\/sites\/2\/2025\/06\/LA-RED-Seminario-2010.jpg 2000w\" data-sizes=\"auto\" data-orig-sizes=\"(max-width: 820px) 100vw, 600px\" \/><\/a><\/span><\/div><\/div><\/div><\/div><div class=\"fusion-layout-column fusion_builder_column fusion-builder-column-1 fusion-flex-column\" style=\"--awb-bg-size:cover;--awb-width-large:60%;--awb-spacing-right-large:2.425%;--awb-margin-bottom-large:0px;--awb-spacing-left-large:2.425%;--awb-width-medium:60%;--awb-order-medium:0;--awb-spacing-right-medium:2.425%;--awb-spacing-left-medium:2.425%;--awb-width-small:100%;--awb-order-small:0;--awb-spacing-right-small:1.455%;--awb-spacing-left-small:1.455%;\" data-scroll-devices=\"small-visibility,medium-visibility,large-visibility\"><div class=\"fusion-column-wrapper fusion-column-has-shadow fusion-flex-justify-content-flex-start fusion-content-layout-column\"><div class=\"fusion-alert alert general alert-info fusion-alert-left awb-alert-native-link-color\" role=\"alert\"><div class=\"fusion-alert-content-wrapper\"><span class=\"alert-icon\"><i class=\"awb-icon-info-circle\" aria-hidden=\"true\"><\/i><\/span><span class=\"fusion-alert-content\"><p style=\"text-align: justify;\">El Seminario tendr\u00e1 una duraci\u00f3n anual, desarroll\u00e1ndose a lo largo de 16 reuniones, con frecuencia quincenal, los primeros y terceros mi\u00e9rcoles de cada mes, de 13,30 a 15 hs, y dar\u00e1 comienzo el 7 de abril.<\/p>\n<p style=\"text-align: justify;\">En tanto Seminario Asociado del ICBA, constituye una opci\u00f3n que acredita a sus alumnos 24 horas. La actividad estar\u00e1 abierta como seminario diurno.<\/p>\n<p style=\"text-align: justify;\"><strong>Duraci\u00f3n<\/strong>: anual<br \/>\n<strong>Frecuencia<\/strong>: quincenal. 1\u00ba y 3\u00ba Mi\u00e9rcoles de cada mes de 13.30 a 15 hs<br \/>\n<strong>Comienzo el 7 de Abril<br \/>\nLugar<\/strong>: EOL Callao 1033 5\u00ba piso<br \/>\n<strong><br \/>\n<\/strong><\/p>\n<p>Dirigido a participantes del ICBA y abierto como seminario diurno de la EOL<\/p><\/span><\/div><\/div><div class=\"fusion-separator fusion-full-width-sep\" style=\"align-self: center;margin-left: auto;margin-right: auto;margin-top:10px;margin-bottom:10px;width:100%;\"><\/div><div class=\"fusion-tabs fusion-tabs-1 classic nav-is-justified horizontal-tabs icon-position-left mobile-mode-accordion\" style=\"--awb-title-font-size:18px;--awb-title-text-transform:uppercase;--awb-alignment:start;--awb-inactive-color:var(--awb-color4);--awb-title-text-color:var(--awb-color1);--awb-title-active-text-color:var(--awb-color4);--awb-background-color:var(--awb-color1);--awb-border-color:var(--awb-color3);--awb-active-border-color:var(--awb-color4);--awb-title-font-family:&quot;Open Sans&quot;;--awb-title-font-style:normal;--awb-title-font-weight:700;\"><div class=\"nav\"><ul class=\"nav-tabs nav-justified\" role=\"tablist\"><li class=\"active\" role=\"presentation\"><a class=\"tab-link\" data-toggle=\"tab\" role=\"tab\" aria-controls=\"tab-9be49c9302d50382bdd\" aria-selected=\"true\" id=\"fusion-tab-objetivos\" href=\"#tab-9be49c9302d50382bdd\"><h4 class=\"fusion-tab-heading\">Objetivos<\/h4><\/a><\/li><li role=\"presentation\"><a class=\"tab-link\" data-toggle=\"tab\" role=\"tab\" aria-controls=\"tab-a65235533766bb776dd\" aria-selected=\"false\" tabindex=\"-1\" id=\"fusion-tab-contenidos\" href=\"#tab-a65235533766bb776dd\"><h4 class=\"fusion-tab-heading\">Contenidos<\/h4><\/a><\/li><li role=\"presentation\"><a class=\"tab-link\" data-toggle=\"tab\" role=\"tab\" aria-controls=\"tab-7f7fab65ba3a17ac137\" aria-selected=\"false\" tabindex=\"-1\" id=\"fusion-tab-metodolog\u00edadetrabajo\" href=\"#tab-7f7fab65ba3a17ac137\"><h4 class=\"fusion-tab-heading\">Metodolog\u00eda de trabajo<\/h4><\/a><\/li><\/ul><\/div><div class=\"tab-content\"><div class=\"nav fusion-mobile-tab-nav\"><ul class=\"nav-tabs nav-justified\" role=\"tablist\"><li class=\"active\" role=\"presentation\"><a class=\"tab-link\" data-toggle=\"tab\" role=\"tab\" aria-controls=\"tab-9be49c9302d50382bdd\" aria-selected=\"true\" id=\"mobile-fusion-tab-objetivos\" href=\"#tab-9be49c9302d50382bdd\"><h4 class=\"fusion-tab-heading\">Objetivos<\/h4><\/a><\/li><\/ul><\/div><div class=\"tab-pane fade fusion-clearfix in active\" role=\"tabpanel\" tabindex=\"0\" aria-labelledby=\"fusion-tab-objetivos\" id=\"tab-9be49c9302d50382bdd\">\n<p style=\"text-align: justify;\">El seminario se propone realizar una articulaci\u00f3n te\u00f3rico-cl\u00ednica a partir de la lectura de casos. A partir de la especificidad de los casos se discutir\u00e1n temas cruciales de la teor\u00eda, la cl\u00ednica y la pr\u00e1ctica psicoanal\u00edtica<\/p>\n<\/div><div class=\"nav fusion-mobile-tab-nav\"><ul class=\"nav-tabs nav-justified\" role=\"tablist\"><li role=\"presentation\"><a class=\"tab-link\" data-toggle=\"tab\" role=\"tab\" aria-controls=\"tab-a65235533766bb776dd\" aria-selected=\"false\" tabindex=\"-1\" id=\"mobile-fusion-tab-contenidos\" href=\"#tab-a65235533766bb776dd\"><h4 class=\"fusion-tab-heading\">Contenidos<\/h4><\/a><\/li><\/ul><\/div><div class=\"tab-pane fade fusion-clearfix\" role=\"tabpanel\" tabindex=\"0\" aria-labelledby=\"fusion-tab-contenidos\" id=\"tab-a65235533766bb776dd\">\n<ul>\n<li>Entrevistas preliminares.<\/li>\n<li>Diagn\u00f3sticos: Caracter\u00edsticas y dificultades.<\/li>\n<li>Direcci\u00f3n de la cura.<\/li>\n<li>Modalidades y manejos de la transferencia.<\/li>\n<li>S\u00edntoma, acting out, pasaje al acto.<\/li>\n<li>Interrupciones y salidas<\/li>\n<\/ul>\n<\/div><div class=\"nav fusion-mobile-tab-nav\"><ul class=\"nav-tabs nav-justified\" role=\"tablist\"><li role=\"presentation\"><a class=\"tab-link\" data-toggle=\"tab\" role=\"tab\" aria-controls=\"tab-7f7fab65ba3a17ac137\" aria-selected=\"false\" tabindex=\"-1\" id=\"mobile-fusion-tab-metodolog\u00edadetrabajo\" href=\"#tab-7f7fab65ba3a17ac137\"><h4 class=\"fusion-tab-heading\">Metodolog\u00eda de trabajo<\/h4><\/a><\/li><\/ul><\/div><div class=\"tab-pane fade fusion-clearfix\" role=\"tabpanel\" tabindex=\"0\" aria-labelledby=\"fusion-tab-metodolog\u00edadetrabajo\" id=\"tab-7f7fab65ba3a17ac137\">\n<p style=\"text-align: justify;\">Se presentar\u00e1n casos y se promover\u00e1 a partir de la coordinaci\u00f3n y comentario de los mismos un trabajo de elucidaci\u00f3n cl\u00ednico<\/p>\n<\/div><\/div><\/div><div class=\"fusion-separator fusion-full-width-sep\" style=\"align-self: center;margin-left: auto;margin-right: auto;margin-top:10px;margin-bottom:10px;width:100%;\"><\/div><div class=\"fusion-title title fusion-title-1 fusion-sep-none fusion-title-highlight fusion-animate-once fusion-highlight-marker fusion-title-size-four\" style=\"--awb-text-color:var(--awb-color8);--awb-font-size:25px;\" data-highlight=\"marker\"><h4 class=\"fusion-title-heading title-heading-left fusion-responsive-typography-calculated\" style=\"margin:0;font-size:1em;text-transform:none;--fontSize:25;line-height:var(--awb-typography1-line-height);\"><span class=\"fusion-highlighted-text-prefix\"><\/span> <span class=\"fusion-highlighted-text-wrapper\"><span class=\"fusion-highlighted-text\">Responsables<\/span><\/span> <span class=\"fusion-highlighted-text-postfix\"><\/span><\/h4><\/div><ul style=\"--awb-line-height:27.2px;--awb-icon-width:27.2px;--awb-icon-height:27.2px;--awb-icon-margin:11.2px;--awb-content-margin:38.4px;--awb-circlecolor:var(--awb-color4);--awb-circle-yes-font-size:14.08px;\" class=\"fusion-checklist fusion-checklist-1 fusion-checklist-default type-icons\"><li class=\"fusion-li-item\" style=\"\"><span class=\"icon-wrapper circle-yes\"><i class=\"fusion-li-icon fa-user fas\" aria-hidden=\"true\"><\/i><\/span><div class=\"fusion-li-item-content\">\n<p>Adriana Rubistein<\/p>\n<\/div><\/li><li class=\"fusion-li-item\" style=\"\"><span class=\"icon-wrapper circle-yes\"><i class=\"fusion-li-icon fa-user fas\" aria-hidden=\"true\"><\/i><\/span><div class=\"fusion-li-item-content\">\n<p>Graciela Ruiz<\/p>\n<\/div><\/li><li class=\"fusion-li-item\" style=\"\"><span class=\"icon-wrapper circle-yes\"><i class=\"fusion-li-icon fa-user fas\" aria-hidden=\"true\"><\/i><\/span><div class=\"fusion-li-item-content\">\n<p>Liliana Rossi<\/p>\n<\/div><\/li><li class=\"fusion-li-item\" style=\"\"><span class=\"icon-wrapper circle-yes\"><i class=\"fusion-li-icon fa-user fas\" aria-hidden=\"true\"><\/i><\/span><div class=\"fusion-li-item-content\">\n<p>Mar\u00eda Leonor Solimano<\/p>\n<\/div><\/li><li class=\"fusion-li-item\" style=\"\"><span class=\"icon-wrapper circle-yes\"><i class=\"fusion-li-icon awb-icon-check\" aria-hidden=\"true\"><\/i><\/span><div class=\"fusion-li-item-content\">\n<p>Roberto Cuevas &#8211; Colaborador docente<\/p>\n<\/div><\/li><\/ul><\/div><\/div><\/div><\/div>\n","protected":false},"excerpt":{"rendered":"","protected":false},"author":1,"featured_media":0,"parent":4685,"menu_order":0,"comment_status":"closed","ping_status":"closed","template":"","meta":{"inline_featured_image":false,"_monsterinsights_skip_tracking":false,"_monsterinsights_sitenote_active":false,"_monsterinsights_sitenote_note":"","_monsterinsights_sitenote_category":0,"footnotes":""},"class_list":["post-4801","page","type-page","status-publish","hentry"],"publishpress_future_action":{"enabled":false,"date":"2026-04-14 11:02:44","action":"change-status","newStatus":"draft","terms":[],"taxonomy":"","extraData":[]},"publishpress_future_workflow_manual_trigger":{"enabledWorkflows":[]},"_links":{"self":[{"href":"https:\/\/eol.org.ar\/redeol\/wp-json\/wp\/v2\/pages\/4801","targetHints":{"allow":["GET"]}}],"collection":[{"href":"https:\/\/eol.org.ar\/redeol\/wp-json\/wp\/v2\/pages"}],"about":[{"href":"https:\/\/eol.org.ar\/redeol\/wp-json\/wp\/v2\/types\/page"}],"author":[{"embeddable":true,"href":"https:\/\/eol.org.ar\/redeol\/wp-json\/wp\/v2\/users\/1"}],"replies":[{"embeddable":true,"href":"https:\/\/eol.org.ar\/redeol\/wp-json\/wp\/v2\/comments?post=4801"}],"version-history":[{"count":2,"href":"https:\/\/eol.org.ar\/redeol\/wp-json\/wp\/v2\/pages\/4801\/revisions"}],"predecessor-version":[{"id":4803,"href":"https:\/\/eol.org.ar\/redeol\/wp-json\/wp\/v2\/pages\/4801\/revisions\/4803"}],"up":[{"embeddable":true,"href":"https:\/\/eol.org.ar\/redeol\/wp-json\/wp\/v2\/pages\/4685"}],"wp:attachment":[{"href":"https:\/\/eol.org.ar\/redeol\/wp-json\/wp\/v2\/media?parent=4801"}],"curies":[{"name":"wp","href":"https:\/\/api.w.org\/{rel}","templated":true}]}}