{"id":4788,"date":"2025-06-08T20:54:34","date_gmt":"2025-06-08T18:54:34","guid":{"rendered":"https:\/\/eol.org.ar\/redeol\/?page_id=4788"},"modified":"2025-06-08T20:57:17","modified_gmt":"2025-06-08T18:57:17","slug":"seminario-anual-2014","status":"publish","type":"page","link":"https:\/\/eol.org.ar\/redeol\/seminarios-anuales\/seminario-anual-2014\/","title":{"rendered":"Seminario Anual 2014"},"content":{"rendered":"<div class=\"fusion-fullwidth fullwidth-box fusion-builder-row-1 fusion-flex-container has-pattern-background has-mask-background nonhundred-percent-fullwidth non-hundred-percent-height-scrolling\" style=\"--awb-border-radius-top-left:0px;--awb-border-radius-top-right:0px;--awb-border-radius-bottom-right:0px;--awb-border-radius-bottom-left:0px;--awb-flex-wrap:wrap;\" ><div class=\"fusion-builder-row fusion-row fusion-flex-align-items-flex-start fusion-flex-content-wrap\" style=\"max-width:1256.6px;margin-left: calc(-3% \/ 2 );margin-right: calc(-3% \/ 2 );\"><div class=\"fusion-layout-column fusion_builder_column fusion-builder-column-0 fusion-flex-column\" style=\"--awb-bg-size:cover;--awb-width-large:40%;--awb-spacing-right-large:3.6375%;--awb-margin-bottom-large:0px;--awb-spacing-left-large:3.6375%;--awb-width-medium:40%;--awb-order-medium:0;--awb-spacing-right-medium:3.6375%;--awb-spacing-left-medium:3.6375%;--awb-width-small:100%;--awb-order-small:0;--awb-spacing-right-small:1.455%;--awb-spacing-left-small:1.455%;\" data-scroll-devices=\"small-visibility,medium-visibility,large-visibility\"><div class=\"fusion-column-wrapper fusion-column-has-shadow fusion-flex-justify-content-flex-start fusion-content-layout-column\"><div class=\"fusion-image-element \" style=\"--awb-liftup-border-radius:10px;--awb-caption-title-font-family:var(--h2_typography-font-family);--awb-caption-title-font-weight:var(--h2_typography-font-weight);--awb-caption-title-font-style:var(--h2_typography-font-style);--awb-caption-title-size:var(--h2_typography-font-size);--awb-caption-title-transform:var(--h2_typography-text-transform);--awb-caption-title-line-height:var(--h2_typography-line-height);--awb-caption-title-letter-spacing:var(--h2_typography-letter-spacing);\"><div class=\"awb-image-frame awb-image-frame-1 imageframe-liftup imageframe-1\"><span class=\" fusion-imageframe imageframe-none imageframe-1\" style=\"border-radius:10px;\"><a href=\"https:\/\/eol.org.ar\/redeol\/wp-content\/uploads\/sites\/2\/2025\/06\/LA-RED-Seminario-2014.jpg\" class=\"fusion-lightbox\" data-rel=\"iLightbox[a726fbedd6c322416c1]\" data-title=\"LA RED &#8211; Seminario 2014\" title=\"LA RED &#8211; Seminario 2014\"><img decoding=\"async\" width=\"2000\" height=\"2500\" src=\"https:\/\/eol.org.ar\/redeol\/wp-content\/uploads\/sites\/2\/2025\/06\/LA-RED-Seminario-2014.jpg\" data-orig-src=\"https:\/\/eol.org.ar\/redeol\/wp-content\/uploads\/sites\/2\/2025\/06\/LA-RED-Seminario-2014.jpg\" alt class=\"lazyload img-responsive wp-image-4773\" srcset=\"data:image\/svg+xml,%3Csvg%20xmlns%3D%27http%3A%2F%2Fwww.w3.org%2F2000%2Fsvg%27%20width%3D%272000%27%20height%3D%272500%27%20viewBox%3D%270%200%202000%202500%27%3E%3Crect%20width%3D%272000%27%20height%3D%272500%27%20fill-opacity%3D%220%22%2F%3E%3C%2Fsvg%3E\" data-srcset=\"https:\/\/eol.org.ar\/redeol\/wp-content\/uploads\/sites\/2\/2025\/06\/LA-RED-Seminario-2014-200x250.jpg 200w, https:\/\/eol.org.ar\/redeol\/wp-content\/uploads\/sites\/2\/2025\/06\/LA-RED-Seminario-2014-400x500.jpg 400w, https:\/\/eol.org.ar\/redeol\/wp-content\/uploads\/sites\/2\/2025\/06\/LA-RED-Seminario-2014-600x750.jpg 600w, https:\/\/eol.org.ar\/redeol\/wp-content\/uploads\/sites\/2\/2025\/06\/LA-RED-Seminario-2014-800x1000.jpg 800w, https:\/\/eol.org.ar\/redeol\/wp-content\/uploads\/sites\/2\/2025\/06\/LA-RED-Seminario-2014-1200x1500.jpg 1200w, https:\/\/eol.org.ar\/redeol\/wp-content\/uploads\/sites\/2\/2025\/06\/LA-RED-Seminario-2014.jpg 2000w\" data-sizes=\"auto\" data-orig-sizes=\"(max-width: 820px) 100vw, 600px\" \/><\/a><\/span><\/div><\/div><\/div><\/div><div class=\"fusion-layout-column fusion_builder_column fusion-builder-column-1 fusion-flex-column\" style=\"--awb-bg-size:cover;--awb-width-large:60%;--awb-spacing-right-large:2.425%;--awb-margin-bottom-large:0px;--awb-spacing-left-large:2.425%;--awb-width-medium:60%;--awb-order-medium:0;--awb-spacing-right-medium:2.425%;--awb-spacing-left-medium:2.425%;--awb-width-small:100%;--awb-order-small:0;--awb-spacing-right-small:1.455%;--awb-spacing-left-small:1.455%;\" data-scroll-devices=\"small-visibility,medium-visibility,large-visibility\"><div class=\"fusion-column-wrapper fusion-column-has-shadow fusion-flex-justify-content-flex-start fusion-content-layout-column\"><div class=\"fusion-alert alert general alert-info fusion-alert-left awb-alert-native-link-color\" role=\"alert\"><div class=\"fusion-alert-content-wrapper\"><span class=\"alert-icon\"><i class=\"awb-icon-info-circle\" aria-hidden=\"true\"><\/i><\/span><span class=\"fusion-alert-content\"><p style=\"text-align: justify;\">Como el a\u00f1o pasado el Seminario de La Red, asociado al ICdeBA, seguir\u00e1 los 2\u00b0 y 4\u00b0 viernes de cada mes entre las 13:30 y 15:00 hs. Esperamos su participaci\u00f3n y difusi\u00f3n. Este a\u00f1o trabajaremos sobre \u201c<strong>La posici\u00f3n del analista y las incidencias del objeto a en la experiencia anal\u00edtica<\/strong>\u201d.<\/p><\/span><\/div><\/div><div class=\"fusion-separator fusion-full-width-sep\" style=\"align-self: center;margin-left: auto;margin-right: auto;margin-top:10px;margin-bottom:10px;width:100%;\"><\/div><div class=\"fusion-title title fusion-title-1 fusion-sep-none fusion-title-highlight fusion-animate-once fusion-highlight-marker fusion-title-size-four\" style=\"--awb-text-color:var(--awb-color8);--awb-font-size:25px;\" data-highlight=\"marker\"><h4 class=\"fusion-title-heading title-heading-left fusion-responsive-typography-calculated\" style=\"margin:0;font-size:1em;text-transform:none;--fontSize:25;line-height:var(--awb-typography1-line-height);\"><span class=\"fusion-highlighted-text-prefix\"><\/span> <span class=\"fusion-highlighted-text-wrapper\"><span class=\"fusion-highlighted-text\">Secretar\u00eda Ejecutiva<\/span><\/span> <span class=\"fusion-highlighted-text-postfix\"><\/span><\/h4><\/div><ul style=\"--awb-line-height:27.2px;--awb-icon-width:27.2px;--awb-icon-height:27.2px;--awb-icon-margin:11.2px;--awb-content-margin:38.4px;--awb-circlecolor:var(--awb-color4);--awb-circle-yes-font-size:14.08px;\" class=\"fusion-checklist fusion-checklist-1 fusion-checklist-default type-icons\"><li class=\"fusion-li-item\" style=\"\"><span class=\"icon-wrapper circle-yes\"><i class=\"fusion-li-icon fa-user fas\" aria-hidden=\"true\"><\/i><\/span><div class=\"fusion-li-item-content\">\n<p>Silvia Baudini &#8211; Presidenta<\/p>\n<\/div><\/li><li class=\"fusion-li-item\" style=\"\"><span class=\"icon-wrapper circle-yes\"><i class=\"fusion-li-icon fa-user fas\" aria-hidden=\"true\"><\/i><\/span><div class=\"fusion-li-item-content\">\n<p>Leticia Acevedo<\/p>\n<\/div><\/li><li class=\"fusion-li-item\" style=\"\"><span class=\"icon-wrapper circle-yes\"><i class=\"fusion-li-icon fa-user fas\" aria-hidden=\"true\"><\/i><\/span><div class=\"fusion-li-item-content\">\n<p>Ver\u00f3nica Carbone<\/p>\n<\/div><\/li><li class=\"fusion-li-item\" style=\"\"><span class=\"icon-wrapper circle-yes\"><i class=\"fusion-li-icon fa-user fas\" aria-hidden=\"true\"><\/i><\/span><div class=\"fusion-li-item-content\">\n<p>M\u00f3nica Gurevicz<\/p>\n<\/div><\/li><\/ul><\/div><\/div><\/div><\/div>\n","protected":false},"excerpt":{"rendered":"","protected":false},"author":1,"featured_media":0,"parent":4685,"menu_order":0,"comment_status":"closed","ping_status":"closed","template":"","meta":{"inline_featured_image":false,"_monsterinsights_skip_tracking":false,"_monsterinsights_sitenote_active":false,"_monsterinsights_sitenote_note":"","_monsterinsights_sitenote_category":0,"footnotes":""},"class_list":["post-4788","page","type-page","status-publish","hentry"],"publishpress_future_action":{"enabled":false,"date":"2026-04-14 11:04:34","action":"change-status","newStatus":"draft","terms":[],"taxonomy":"","extraData":[]},"publishpress_future_workflow_manual_trigger":{"enabledWorkflows":[]},"_links":{"self":[{"href":"https:\/\/eol.org.ar\/redeol\/wp-json\/wp\/v2\/pages\/4788","targetHints":{"allow":["GET"]}}],"collection":[{"href":"https:\/\/eol.org.ar\/redeol\/wp-json\/wp\/v2\/pages"}],"about":[{"href":"https:\/\/eol.org.ar\/redeol\/wp-json\/wp\/v2\/types\/page"}],"author":[{"embeddable":true,"href":"https:\/\/eol.org.ar\/redeol\/wp-json\/wp\/v2\/users\/1"}],"replies":[{"embeddable":true,"href":"https:\/\/eol.org.ar\/redeol\/wp-json\/wp\/v2\/comments?post=4788"}],"version-history":[{"count":3,"href":"https:\/\/eol.org.ar\/redeol\/wp-json\/wp\/v2\/pages\/4788\/revisions"}],"predecessor-version":[{"id":4792,"href":"https:\/\/eol.org.ar\/redeol\/wp-json\/wp\/v2\/pages\/4788\/revisions\/4792"}],"up":[{"embeddable":true,"href":"https:\/\/eol.org.ar\/redeol\/wp-json\/wp\/v2\/pages\/4685"}],"wp:attachment":[{"href":"https:\/\/eol.org.ar\/redeol\/wp-json\/wp\/v2\/media?parent=4788"}],"curies":[{"name":"wp","href":"https:\/\/api.w.org\/{rel}","templated":true}]}}