{"id":4728,"date":"2025-06-08T17:55:58","date_gmt":"2025-06-08T15:55:58","guid":{"rendered":"https:\/\/eol.org.ar\/redeol\/?page_id=4728"},"modified":"2025-06-08T17:56:20","modified_gmt":"2025-06-08T15:56:20","slug":"seminario-anual-2025","status":"publish","type":"page","link":"https:\/\/eol.org.ar\/redeol\/seminarios-anuales\/seminario-anual-2025\/","title":{"rendered":"Seminario Anual 2025"},"content":{"rendered":"<div class=\"fusion-fullwidth fullwidth-box fusion-builder-row-1 fusion-flex-container has-pattern-background has-mask-background nonhundred-percent-fullwidth non-hundred-percent-height-scrolling\" style=\"--awb-border-radius-top-left:0px;--awb-border-radius-top-right:0px;--awb-border-radius-bottom-right:0px;--awb-border-radius-bottom-left:0px;--awb-flex-wrap:wrap;\" ><div class=\"fusion-builder-row fusion-row fusion-flex-align-items-flex-start fusion-flex-content-wrap\" style=\"max-width:1256.6px;margin-left: calc(-3% \/ 2 );margin-right: calc(-3% \/ 2 );\"><div class=\"fusion-layout-column fusion_builder_column fusion-builder-column-0 fusion-flex-column\" style=\"--awb-bg-size:cover;--awb-width-large:40%;--awb-spacing-right-large:3.6375%;--awb-margin-bottom-large:0px;--awb-spacing-left-large:3.6375%;--awb-width-medium:40%;--awb-order-medium:0;--awb-spacing-right-medium:3.6375%;--awb-spacing-left-medium:3.6375%;--awb-width-small:100%;--awb-order-small:0;--awb-spacing-right-small:1.455%;--awb-spacing-left-small:1.455%;\" data-scroll-devices=\"small-visibility,medium-visibility,large-visibility\"><div class=\"fusion-column-wrapper fusion-column-has-shadow fusion-flex-justify-content-flex-start fusion-content-layout-column\"><div class=\"fusion-image-element \" style=\"--awb-liftup-border-radius:10px;--awb-caption-title-font-family:var(--h2_typography-font-family);--awb-caption-title-font-weight:var(--h2_typography-font-weight);--awb-caption-title-font-style:var(--h2_typography-font-style);--awb-caption-title-size:var(--h2_typography-font-size);--awb-caption-title-transform:var(--h2_typography-text-transform);--awb-caption-title-line-height:var(--h2_typography-line-height);--awb-caption-title-letter-spacing:var(--h2_typography-letter-spacing);\"><div class=\"awb-image-frame awb-image-frame-1 imageframe-liftup imageframe-1\"><span class=\" fusion-imageframe imageframe-none imageframe-1\" style=\"border-radius:10px;\"><a href=\"https:\/\/eol.org.ar\/redeol\/wp-content\/uploads\/sites\/2\/2025\/05\/LA-RED-Seminario-2025.jpeg\" class=\"fusion-lightbox\" data-rel=\"iLightbox[c9996f7265cab452ffc]\" data-title=\"LA RED &#8211; Seminario 2025\" title=\"LA RED &#8211; Seminario 2025\"><img decoding=\"async\" width=\"1080\" height=\"1350\" src=\"https:\/\/eol.org.ar\/redeol\/wp-content\/uploads\/sites\/2\/2025\/05\/LA-RED-Seminario-2025.jpeg\" data-orig-src=\"https:\/\/eol.org.ar\/redeol\/wp-content\/uploads\/sites\/2\/2025\/05\/LA-RED-Seminario-2025.jpeg\" alt class=\"lazyload img-responsive wp-image-4411\" srcset=\"data:image\/svg+xml,%3Csvg%20xmlns%3D%27http%3A%2F%2Fwww.w3.org%2F2000%2Fsvg%27%20width%3D%271080%27%20height%3D%271350%27%20viewBox%3D%270%200%201080%201350%27%3E%3Crect%20width%3D%271080%27%20height%3D%271350%27%20fill-opacity%3D%220%22%2F%3E%3C%2Fsvg%3E\" data-srcset=\"https:\/\/eol.org.ar\/redeol\/wp-content\/uploads\/sites\/2\/2025\/05\/LA-RED-Seminario-2025-200x250.jpeg 200w, https:\/\/eol.org.ar\/redeol\/wp-content\/uploads\/sites\/2\/2025\/05\/LA-RED-Seminario-2025-400x500.jpeg 400w, https:\/\/eol.org.ar\/redeol\/wp-content\/uploads\/sites\/2\/2025\/05\/LA-RED-Seminario-2025-600x750.jpeg 600w, https:\/\/eol.org.ar\/redeol\/wp-content\/uploads\/sites\/2\/2025\/05\/LA-RED-Seminario-2025-800x1000.jpeg 800w, https:\/\/eol.org.ar\/redeol\/wp-content\/uploads\/sites\/2\/2025\/05\/LA-RED-Seminario-2025.jpeg 1080w\" data-sizes=\"auto\" data-orig-sizes=\"(max-width: 820px) 100vw, 600px\" \/><\/a><\/span><\/div><\/div><\/div><\/div><div class=\"fusion-layout-column fusion_builder_column fusion-builder-column-1 fusion-flex-column\" style=\"--awb-bg-size:cover;--awb-width-large:60%;--awb-spacing-right-large:2.425%;--awb-margin-bottom-large:0px;--awb-spacing-left-large:2.425%;--awb-width-medium:60%;--awb-order-medium:0;--awb-spacing-right-medium:2.425%;--awb-spacing-left-medium:2.425%;--awb-width-small:100%;--awb-order-small:0;--awb-spacing-right-small:1.455%;--awb-spacing-left-small:1.455%;\" data-scroll-devices=\"small-visibility,medium-visibility,large-visibility\"><div class=\"fusion-column-wrapper fusion-column-has-shadow fusion-flex-justify-content-flex-start fusion-content-layout-column\"><div class=\"fusion-alert alert general alert-info fusion-alert-left awb-alert-native-link-color\" role=\"alert\"><div class=\"fusion-alert-content-wrapper\"><span class=\"alert-icon\"><i class=\"awb-icon-info-circle\" aria-hidden=\"true\"><\/i><\/span><span class=\"fusion-alert-content\"><p><strong>Duraci\u00f3n<\/strong>: anual.<br \/>\n<strong>Frecuencia<\/strong>: mensual. 4\u00ba viernes de 13:30 a 15:00 hs. Acredita 32 horas.<br \/>\n<strong>MODALIDAD PRESENCIAL<\/strong><\/p><\/span><\/div><\/div><div class=\"fusion-separator fusion-full-width-sep\" style=\"align-self: center;margin-left: auto;margin-right: auto;margin-top:10px;margin-bottom:10px;width:100%;\"><\/div><div class=\"fusion-tabs fusion-tabs-1 classic nav-is-justified horizontal-tabs icon-position-left mobile-mode-accordion\" style=\"--awb-title-font-size:18px;--awb-title-text-transform:uppercase;--awb-alignment:start;--awb-inactive-color:var(--awb-color4);--awb-title-text-color:var(--awb-color1);--awb-title-active-text-color:var(--awb-color4);--awb-background-color:var(--awb-color1);--awb-border-color:var(--awb-color3);--awb-active-border-color:var(--awb-color4);--awb-title-font-family:&quot;Open Sans&quot;;--awb-title-font-style:normal;--awb-title-font-weight:700;\"><div class=\"nav\"><ul class=\"nav-tabs nav-justified\" role=\"tablist\"><li class=\"active\" role=\"presentation\"><a class=\"tab-link\" data-toggle=\"tab\" role=\"tab\" aria-controls=\"tab-3ecb9b7bcbc0b725909\" aria-selected=\"true\" id=\"fusion-tab-argumento\" href=\"#tab-3ecb9b7bcbc0b725909\"><h4 class=\"fusion-tab-heading\">Argumento<\/h4><\/a><\/li><li role=\"presentation\"><a class=\"tab-link\" data-toggle=\"tab\" role=\"tab\" aria-controls=\"tab-704b7df1238bf586a06\" aria-selected=\"false\" tabindex=\"-1\" id=\"fusion-tab-bibliograf\u00eda\" href=\"#tab-704b7df1238bf586a06\"><h4 class=\"fusion-tab-heading\">Bibliograf\u00eda<\/h4><\/a><\/li><li role=\"presentation\"><a class=\"tab-link\" data-toggle=\"tab\" role=\"tab\" aria-controls=\"tab-ce08cbcb99dfee96fe1\" aria-selected=\"false\" tabindex=\"-1\" id=\"fusion-tab-equipodetrabajo\" href=\"#tab-ce08cbcb99dfee96fe1\"><h4 class=\"fusion-tab-heading\">Equipo de Trabajo<\/h4><\/a><\/li><\/ul><\/div><div class=\"tab-content\"><div class=\"nav fusion-mobile-tab-nav\"><ul class=\"nav-tabs nav-justified\" role=\"tablist\"><li class=\"active\" role=\"presentation\"><a class=\"tab-link\" data-toggle=\"tab\" role=\"tab\" aria-controls=\"tab-3ecb9b7bcbc0b725909\" aria-selected=\"true\" id=\"mobile-fusion-tab-argumento\" href=\"#tab-3ecb9b7bcbc0b725909\"><h4 class=\"fusion-tab-heading\">Argumento<\/h4><\/a><\/li><\/ul><\/div><div class=\"tab-pane fade fusion-clearfix in active\" role=\"tabpanel\" tabindex=\"0\" aria-labelledby=\"fusion-tab-argumento\" id=\"tab-3ecb9b7bcbc0b725909\">\n<p style=\"text-align: justify;\">En la \u00e9poca victoriana reinaba el discurso del amo, moral civilizadora represiva en que Freud hace su aparici\u00f3n. En la \u00e9poca del Otro consistente el s\u00edntoma se presentaba en su faz de mensaje, inconsciente transferencial que se ofrec\u00eda a ser develado. En palabras de Maleval: \u00abcuando el nombre del padre sab\u00eda decir la verdad del s\u00edntoma, su n\u00facleo de goce permanec\u00eda enmascarado.\u201d<\/p>\n<p style=\"text-align: justify;\">\u00bfQu\u00e9 inconsciente en la \u00e9poca actual? El Otro ha perdido consistencia, el nombre del padre se ha evaporado. El capitalismo, formulado por Lacan como discurso en 1972, hace su aparici\u00f3n con las consecuentes incidencias sobre la subjetividad: no hay barra que haga del l\u00edmite al goce, se destrona el lugar del S1 en la civilizaci\u00f3n, con la consecuente p\u00e9rdida del punto de fijaci\u00f3n.<\/p>\n<p style=\"text-align: justify;\">Apoyados en la casu\u00edstica de la Red, intentaremos trabajar sobre los desaf\u00edos que los s\u00edntomas en su vertiente aut\u00edstica ofrecen al practicante. \u00bfQu\u00e9 operaci\u00f3n posible all\u00ed donde el Otro est\u00e1 excluido? \u00bfC\u00f3mo hacer existir el inconsciente en tanto creencia en el saber en la \u00e9poca del rechazo al saber? Se nos presentan sujetos que no anclados en un S1 que funcione orientando su goce, desabonados del Inconsciente.<\/p>\n<p style=\"text-align: justify;\">\u00bfC\u00f3mo intervenir en esas formas de s\u00edntoma que reh\u00fayen a la palabra rechazando el desciframiento, presentando el exceso en el cuerpo de un goce infinitizado? Cada reuni\u00f3n consistir\u00e1 en la presentaci\u00f3n de casos para poner a la discusi\u00f3n la c\u00ednica actual.<\/p>\n<p style=\"text-align: justify;\">Muchas son las preguntas, los invitamos a compartir con nosotros respuestas, invenciones, esfuerzo de poes\u00eda necesario para producir alguna resonancia en esos cuerpos. Los esperamos!<\/p>\n<\/div><div class=\"nav fusion-mobile-tab-nav\"><ul class=\"nav-tabs nav-justified\" role=\"tablist\"><li role=\"presentation\"><a class=\"tab-link\" data-toggle=\"tab\" role=\"tab\" aria-controls=\"tab-704b7df1238bf586a06\" aria-selected=\"false\" tabindex=\"-1\" id=\"mobile-fusion-tab-bibliograf\u00eda\" href=\"#tab-704b7df1238bf586a06\"><h4 class=\"fusion-tab-heading\">Bibliograf\u00eda<\/h4><\/a><\/li><\/ul><\/div><div class=\"tab-pane fade fusion-clearfix\" role=\"tabpanel\" tabindex=\"0\" aria-labelledby=\"fusion-tab-bibliograf\u00eda\" id=\"tab-704b7df1238bf586a06\">\n<ul>\n<li>Miller, J.-A., en colaboraci\u00f3n con \u00c9. Laurent. (1996-97), \u201cEl Otro que no existe y sus comit\u00e9s de \u00e9tica\u201d, Buenos Aires, Paid\u00f3s, 2005.<\/li>\n<li>Miller, J.-A. (2005), \u201cUna fantas\u00eda\u201d, en Revista Lacaniana N\u00ba 3, EOL. Focchi, M. (2012), \u201cS\u00edntomas sin inconsciente de una \u00e9poca sin deseo.<\/li>\n<li>Cuatro modalidades sobre la cl\u00ednica contempor\u00e1nea\u201d, Buenos Aires, Tres Haches.<\/li>\n<li>Tarrab, M. (2005), \u201cEn las huellas del s\u00edntoma\u201d, Buenos Aires, Grama.<\/li>\n<li>Tudanca, L., \u201cDe abonados y desabonados\u201d, XI Enapol.<\/li>\n<\/ul>\n<\/div><div class=\"nav fusion-mobile-tab-nav\"><ul class=\"nav-tabs nav-justified\" role=\"tablist\"><li role=\"presentation\"><a class=\"tab-link\" data-toggle=\"tab\" role=\"tab\" aria-controls=\"tab-ce08cbcb99dfee96fe1\" aria-selected=\"false\" tabindex=\"-1\" id=\"mobile-fusion-tab-equipodetrabajo\" href=\"#tab-ce08cbcb99dfee96fe1\"><h4 class=\"fusion-tab-heading\">Equipo de Trabajo<\/h4><\/a><\/li><\/ul><\/div><div class=\"tab-pane fade fusion-clearfix\" role=\"tabpanel\" tabindex=\"0\" aria-labelledby=\"fusion-tab-equipodetrabajo\" id=\"tab-ce08cbcb99dfee96fe1\">\n<p><strong>Secretar\u00eda ejecutiva<\/strong>:<\/p>\n<ul>\n<li>Marcela Molinari<\/li>\n<li>Graciela Lucci<\/li>\n<li>Guillermo Lopez<\/li>\n<li>Roxana Cozza<\/li>\n<\/ul>\n<p><strong>Presidente de la RED<\/strong>:<\/p>\n<ul>\n<li>Nicol\u00e1s Bouso\u00f1o.<\/li>\n<\/ul>\n<\/div><\/div><\/div><\/div><\/div><\/div><\/div>\n","protected":false},"excerpt":{"rendered":"","protected":false},"author":1,"featured_media":0,"parent":4685,"menu_order":0,"comment_status":"closed","ping_status":"closed","template":"","meta":{"inline_featured_image":false,"_monsterinsights_skip_tracking":false,"_monsterinsights_sitenote_active":false,"_monsterinsights_sitenote_note":"","_monsterinsights_sitenote_category":0,"footnotes":""},"class_list":["post-4728","page","type-page","status-publish","hentry"],"publishpress_future_action":{"enabled":false,"date":"2026-04-14 13:01:05","action":"change-status","newStatus":"draft","terms":[],"taxonomy":"","extraData":[]},"publishpress_future_workflow_manual_trigger":{"enabledWorkflows":[]},"_links":{"self":[{"href":"https:\/\/eol.org.ar\/redeol\/wp-json\/wp\/v2\/pages\/4728","targetHints":{"allow":["GET"]}}],"collection":[{"href":"https:\/\/eol.org.ar\/redeol\/wp-json\/wp\/v2\/pages"}],"about":[{"href":"https:\/\/eol.org.ar\/redeol\/wp-json\/wp\/v2\/types\/page"}],"author":[{"embeddable":true,"href":"https:\/\/eol.org.ar\/redeol\/wp-json\/wp\/v2\/users\/1"}],"replies":[{"embeddable":true,"href":"https:\/\/eol.org.ar\/redeol\/wp-json\/wp\/v2\/comments?post=4728"}],"version-history":[{"count":3,"href":"https:\/\/eol.org.ar\/redeol\/wp-json\/wp\/v2\/pages\/4728\/revisions"}],"predecessor-version":[{"id":5053,"href":"https:\/\/eol.org.ar\/redeol\/wp-json\/wp\/v2\/pages\/4728\/revisions\/5053"}],"up":[{"embeddable":true,"href":"https:\/\/eol.org.ar\/redeol\/wp-json\/wp\/v2\/pages\/4685"}],"wp:attachment":[{"href":"https:\/\/eol.org.ar\/redeol\/wp-json\/wp\/v2\/media?parent=4728"}],"curies":[{"name":"wp","href":"https:\/\/api.w.org\/{rel}","templated":true}]}}